{"id":11888,"date":"2015-08-25T12:09:27","date_gmt":"2015-08-25T12:09:27","guid":{"rendered":"http:\/\/solagora.com\/inicio\/?lang=fr"},"modified":"2021-01-13T12:06:15","modified_gmt":"2021-01-13T12:06:15","slug":"inicio","status":"publish","type":"page","link":"http:\/\/solagora.com\/fr\/","title":{"rendered":"Inicio"},"content":{"rendered":"<p><div class=\"fusion-fullwidth fullwidth-box fusion-builder-row-1 nonhundred-percent-fullwidth non-hundred-percent-height-scrolling\" style=\"background-color: #ffab2d;background-position: left top;background-repeat: no-repeat;padding-top:0px;padding-right:0px;padding-bottom:0px;padding-left:0px;margin-bottom: 0px;margin-top: 0px;border-width: 0px 0px 0px 0px;border-color:#983026;border-style:solid;\" ><div class=\"fusion-builder-row fusion-row\"><div class=\"fusion-layout-column fusion_builder_column fusion-builder-column-0 fusion_builder_column_1_1 1_1 fusion-one-full fusion-column-first fusion-column-last fusion-column-no-min-height\" style=\"margin-top:0px;margin-bottom:0px;\"><div class=\"fusion-column-wrapper fusion-flex-column-wrapper-legacy\" style=\"background-position:left top;background-repeat:no-repeat;-webkit-background-size:cover;-moz-background-size:cover;-o-background-size:cover;background-size:cover;padding: 0px 0px 0px 0px;\"><div class=\"fusion-text fusion-text-1\"><h1 style=\"text-align: center; font-size: 40px; line-height: 40px;\"><span style=\"color: #ffffff;\">Notre singularit\u00e9, \u00a0notre diff\u00e9rence<\/span><\/h1>\n<\/div><div class=\"fusion-clearfix\"><\/div><\/div><\/div><\/div><\/div><div class=\"fusion-fullwidth fullwidth-box fusion-builder-row-2 nonhundred-percent-fullwidth non-hundred-percent-height-scrolling\" style=\"background-color: #f9e4c5;background-position: left top;background-repeat: repeat;padding-top:65px;padding-right:0px;padding-bottom:30px;padding-left:0px;margin-bottom: 0px;margin-top: 0px;border-width: 0px 0px 0px 0px;border-color:#eae9e9;border-style:solid;\" ><div class=\"fusion-builder-row fusion-row\"><div class=\"fusion-layout-column fusion_builder_column fusion-builder-column-1 fusion_builder_column_1_1 1_1 fusion-one-full fusion-column-first fusion-column-last fusion-column-no-min-height\" style=\"margin-top:0px;margin-bottom:0px;\"><div class=\"fusion-column-wrapper fusion-flex-column-wrapper-legacy\" style=\"background-position:left top;background-repeat:no-repeat;-webkit-background-size:cover;-moz-background-size:cover;-o-background-size:cover;background-size:cover;padding: 0px 0px 0px 0px;\"><div class=\"fusion-flip-boxes flip-boxes row fusion-columns-3 flip-effect-classic\"><div class=\"fusion-flip-box-wrapper fusion-column col-lg-4 col-md-4 col-sm-4\"><div class=\"fusion-flip-box flip-right\" tabindex=\"0\"><div class=\"flip-box-inner-wrapper\"><div class=\"flip-box-front\" style=\"background-color:#ffffff;border-color:transparent;border-radius:0px;border-style:solid;border-width:0px;color:#983026;transition-duration:0.8s;\"><div class=\"flip-box-front-inner\"><div class=\"flip-box-grafix flip-box-image\"><img data-recalc-dims=\"1\" decoding=\"async\" src=\"https:\/\/i0.wp.com\/solagora.com\/wp-content\/uploads\/2015\/08\/icon-quienes-somos.fw_3.png?resize=63%2C63\" width=\"63\" height=\"63\" alt=\"Be organic. Be Bio | Solagora | frutas y verduras mediterr\u00e1neas.\" \/><\/div><h2 class=\"flip-box-heading\" style=\"color:#983026;\">Qui sommes-nous?<\/h2>R\u00e9f\u00e9rent dans la production et la vente de fruits et l\u00e9gumes m\u00e9diterran\u00e9ens.<\/div><\/div><div class=\"flip-box-back\" style=\"background-color:#983026;border-color:transparent;border-radius:0px;border-style:solid;border-width:0px;color:#ffffff;transition-duration:0.8s;\"><div class=\"flip-box-back-inner\"><h3 class=\"flip-box-heading-back\" style=\"color:#ffffff;\">Notre singularit\u00e9, notre diff\u00e9rence<\/h3>Soci\u00e9t\u00e9 alliant l&rsquo;\u00e9nergie de la jeunesse et la sagesse de l&rsquo;exp\u00e9rience.<\/div><\/div><\/div><\/div><\/div><div class=\"fusion-flip-box-wrapper fusion-column col-lg-4 col-md-4 col-sm-4\"><div class=\"fusion-flip-box flip-right\" tabindex=\"0\"><div class=\"flip-box-inner-wrapper\"><div class=\"flip-box-front\" style=\"background-color:#ffffff;border-color:transparent;border-radius:0px;border-style:solid;border-width:0px;color:#983026;transition-duration:0.8s;\"><div class=\"flip-box-front-inner\"><div class=\"flip-box-grafix flip-box-image\"><img data-recalc-dims=\"1\" decoding=\"async\" src=\"https:\/\/i0.wp.com\/solagora.com\/wp-content\/uploads\/2015\/08\/icon-puntos-fuertes.png?resize=63%2C63\" width=\"63\" height=\"63\" alt=\"Be organic. Be Bio | Solagora | frutas y verduras mediterr\u00e1neas.\" \/><\/div><h2 class=\"flip-box-heading\" style=\"color:#983026;\">Nos points forts<\/h2>Une large gamme qualitative de produits Bio et gustatifs.<\/div><\/div><div class=\"flip-box-back\" style=\"background-color:#983026;border-color:transparent;border-radius:0px;border-style:solid;border-width:0px;color:#ffffff;transition-duration:0.8s;\"><div class=\"flip-box-back-inner\"><h3 class=\"flip-box-heading-back\" style=\"color:#ffffff;\">Les piliers de notre action<\/h3>Plus de 30 r\u00e9f\u00e9rences Agrumes-Fruits-L\u00e9gumes-Exotiques.<\/div><\/div><\/div><\/div><\/div><div class=\"fusion-flip-box-wrapper fusion-column col-lg-4 col-md-4 col-sm-4\"><div class=\"fusion-flip-box flip-right\" tabindex=\"0\"><div class=\"flip-box-inner-wrapper\"><div class=\"flip-box-front\" style=\"background-color:#ffffff;border-color:transparent;border-radius:0px;border-style:solid;border-width:0px;color:#983026;transition-duration:0.8s;\"><div class=\"flip-box-front-inner\"><div class=\"flip-box-grafix flip-box-image\"><img data-recalc-dims=\"1\" decoding=\"async\" src=\"https:\/\/i0.wp.com\/solagora.com\/wp-content\/uploads\/2015\/08\/icon-compromiso.png?resize=63%2C63\" width=\"63\" height=\"63\" alt=\"Be organic. Be Bio | Solagora | frutas y verduras mediterr\u00e1neas.\" \/><\/div><h2 class=\"flip-box-heading\" style=\"color:#983026;\">Notre engagement<\/h2>\u00catre votre partenaire pour un avenir plus Bio<\/div><\/div><div class=\"flip-box-back\" style=\"background-color:#983026;border-color:transparent;border-radius:0px;border-style:solid;border-width:0px;color:#ffffff;transition-duration:0.8s;\"><div class=\"flip-box-back-inner\"><h3 class=\"flip-box-heading-back\" style=\"color:#ffffff;\">Capacit\u00e9 de r\u00e9ponse a vos besoin<\/h3>Nous d\u00e9veloppons des productions exclusives\u00a0et\u00a0des vari\u00e9t\u00e9s propes.<\/div><\/div><\/div><\/div><\/div><\/div><div class=\"clearfix\"><\/div><div class=\"fusion-clearfix\"><\/div><\/div><\/div><\/div><\/div><div class=\"fusion-fullwidth fullwidth-box fusion-builder-row-3 nonhundred-percent-fullwidth non-hundred-percent-height-scrolling\" style=\"background-color: #f9d095;background-position: left top;background-repeat: no-repeat;padding-top:3px;padding-right:0px;padding-bottom:3px;padding-left:0px;margin-bottom: 0px;margin-top: 0px;border-width: 0px 0px 0px 0px;border-color:#983026;border-style:solid;\" ><div class=\"fusion-builder-row fusion-row\"><div class=\"fusion-layout-column fusion_builder_column fusion-builder-column-2 fusion_builder_column_1_1 1_1 fusion-one-full fusion-column-first fusion-column-last fusion-column-no-min-height\" style=\"margin-top:0px;margin-bottom:0px;\"><div class=\"fusion-column-wrapper fusion-flex-column-wrapper-legacy\" style=\"background-position:left top;background-repeat:no-repeat;-webkit-background-size:cover;-moz-background-size:cover;-o-background-size:cover;background-size:cover;padding: 0px 0px 0px 0px;\"><div class=\"fusion-text fusion-text-2\"><h1 style=\"text-align: center;\"><span style=\"color: #ff9900;\">Calendrier de Vari\u00e9t\u00e9s<\/span><\/h1>\n<\/div><div class=\"fusion-clearfix\"><\/div><\/div><\/div><\/div><\/div><div class=\"fusion-fullwidth fullwidth-box fusion-builder-row-4 hundred-percent-fullwidth non-hundred-percent-height-scrolling\" style=\"background-color: rgba(255,255,255,0);background-position: center center;background-repeat: no-repeat;padding-top:0px;padding-right:20px;padding-bottom:0px;padding-left:20px;margin-bottom: 0px;margin-top: 0px;border-width: 0px 0px 0px 0px;border-color:#eae9e9;border-style:solid;\" ><div class=\"fusion-builder-row fusion-row\"><div class=\"fusion-layout-column fusion_builder_column fusion-builder-column-3 fusion_builder_column_1_1 1_1 fusion-one-full fusion-column-first fusion-column-last fusion-column-no-min-height\" style=\"margin-top:0px;margin-bottom:0px;\"><div class=\"fusion-column-wrapper fusion-flex-column-wrapper-legacy\" style=\"background-position:left top;background-repeat:no-repeat;-webkit-background-size:cover;-moz-background-size:cover;-o-background-size:cover;background-size:cover;padding: 0px 0px 0px 0px;\"><div class=\"fusion-section-separator section-separator triangle fusion-section-separator-1\"><div class=\"fusion-section-separator-svg\" style=\"border-bottom:1px solid #f9d095;margin-left: 0px;margin-right: 0px;\"><div class=\"divider-candy-arrow bottom\" style=\"top:0px;border-top-color: #f9d095;\"><\/div><div class=\"divider-candy bottom\" style=\"bottom:-21px;border-bottom:1px solid #f9d095;border-left:1px solid #f9d095;\"><\/div><\/div><div class=\"fusion-section-separator-spacer\"><div class=\"fusion-section-separator-spacer-height\" style=\"height:1px;\"><\/div><\/div><\/div><div class=\"fusion-clearfix\"><\/div><\/div><\/div><\/div><style type=\"text\/css\">.fusion-fullwidth.fusion-builder-row-4 { overflow:visible; }<\/style><\/div><div class=\"fusion-fullwidth fullwidth-box fusion-builder-row-5 nonhundred-percent-fullwidth non-hundred-percent-height-scrolling\" style=\"background-color: #ffffff;background-position: left top;background-repeat: no-repeat;padding-top:10px;padding-right:0px;padding-bottom:20px;padding-left:0px;margin-bottom: 0px;margin-top: 0px;border-width: 0px 0px 0px 0px;border-color:#eae9e9;border-style:solid;\" ><div class=\"fusion-builder-row fusion-row\"><div class=\"fusion-layout-column fusion_builder_column fusion-builder-column-4 fusion_builder_column_1_1 1_1 fusion-one-full fusion-column-first fusion-column-last fusion-column-no-min-height\" style=\"margin-top:0px;margin-bottom:0px;\"><div class=\"fusion-column-wrapper fusion-flex-column-wrapper-legacy\" style=\"background-position:left top;background-repeat:no-repeat;-webkit-background-size:cover;-moz-background-size:cover;-o-background-size:cover;background-size:cover;padding: 0px 0px 0px 0px;\"><div class=\"fusion-sep-clear\"><\/div><div class=\"fusion-separator fusion-full-width-sep\" style=\"margin-left: auto;margin-right: auto;margin-top:50px;width:100%;\"><\/div><div class=\"fusion-sep-clear\"><\/div><div class=\"imageframe-align-center\"><span class=\" fusion-imageframe imageframe-none imageframe-1 hover-type-none\"><a href=\"https:\/\/i0.wp.com\/solagora.com\/wp-content\/uploads\/2015\/08\/calendario-variedades-lightbox1.jpg\" class=\"fusion-lightbox\" data-rel=\"iLightbox[fc13bf11383dc11bde4]\" data-caption=\"Be organic. Be Bio | Solagora | frutas y verduras mediterr\u00e1neas.\" data-title=\"calendario-variedades-lightbox\" title=\"calendario-variedades-fr\"><img data-recalc-dims=\"1\" decoding=\"async\" width=\"994\" height=\"832\" alt=\"Calendrier de vari\u00e9t\u00e9 - Solagora - Be Bio. Be Organic.\" src=\"https:\/\/i0.wp.com\/solagora.com\/wp-content\/uploads\/2015\/08\/calendario-variedades-fr.jpg?resize=994%2C832\" class=\"img-responsive wp-image-11896\" srcset=\"https:\/\/i0.wp.com\/solagora.com\/wp-content\/uploads\/2015\/08\/calendario-variedades-fr.jpg?resize=120%2C100 120w, https:\/\/i0.wp.com\/solagora.com\/wp-content\/uploads\/2015\/08\/calendario-variedades-fr.jpg?resize=300%2C251 300w, https:\/\/i0.wp.com\/solagora.com\/wp-content\/uploads\/2015\/08\/calendario-variedades-fr.jpg?resize=500%2C419 500w, https:\/\/i0.wp.com\/solagora.com\/wp-content\/uploads\/2015\/08\/calendario-variedades-fr.jpg?w=994 994w\" sizes=\"(max-width: 800px) 100vw, 994px\" \/><\/a><\/span><\/div><div class=\"fusion-clearfix\"><\/div><\/div><\/div><\/div><\/div><\/p>\n","protected":false},"excerpt":{"rendered":"","protected":false},"author":1,"featured_media":0,"parent":0,"menu_order":0,"comment_status":"closed","ping_status":"closed","template":"100-width.php","meta":{"jetpack_post_was_ever_published":false,"footnotes":""},"class_list":["post-11888","page","type-page","status-publish","hentry"],"jetpack_sharing_enabled":true,"jetpack_shortlink":"https:\/\/wp.me\/PaiFCB-35K","jetpack-related-posts":[],"_links":{"self":[{"href":"http:\/\/solagora.com\/fr\/wp-json\/wp\/v2\/pages\/11888\/"}],"collection":[{"href":"http:\/\/solagora.com\/fr\/wp-json\/wp\/v2\/pages\/"}],"about":[{"href":"http:\/\/solagora.com\/fr\/wp-json\/wp\/v2\/types\/page\/"}],"author":[{"embeddable":true,"href":"http:\/\/solagora.com\/fr\/wp-json\/wp\/v2\/users\/1\/"}],"replies":[{"embeddable":true,"href":"http:\/\/solagora.com\/fr\/wp-json\/wp\/v2\/comments\/?post=11888"}],"version-history":[{"count":18,"href":"http:\/\/solagora.com\/fr\/wp-json\/wp\/v2\/pages\/11888\/revisions\/"}],"predecessor-version":[{"id":12293,"href":"http:\/\/solagora.com\/fr\/wp-json\/wp\/v2\/pages\/11888\/revisions\/12293\/"}],"wp:attachment":[{"href":"http:\/\/solagora.com\/fr\/wp-json\/wp\/v2\/media\/?parent=11888"}],"curies":[{"name":"wp","href":"https:\/\/api.w.org\/{rel}","templated":true}]}}